{"id":58,"date":"2015-05-26T07:03:19","date_gmt":"2015-05-26T07:03:19","guid":{"rendered":"http:\/\/sipagaerten.ch\/?page_id=58"},"modified":"2018-12-01T19:40:58","modified_gmt":"2018-12-01T19:40:58","slug":"main-content-english","status":"publish","type":"page","link":"http:\/\/sipagaerten.ch\/en\/main-content-english\/","title":{"rendered":"Main Content English"},"content":{"rendered":"<p>English Von der Beratung \u00fcber die Planung bis hin zur Ausf\u00fchrung und Pflege ist die SIPA G\u00e4rten GmbH Ihr kompetenter Partner im Bereich Gartenbau und -unterhalt. Das junge Unternehmen h\u00e4lt ein breites Leistungsangebot f\u00fcr<br \/>\nSie bereit<\/p>\n<p>Von der Beratung \u00fcber die Planung bis hin zur Ausf\u00fchrung und Pflege ist die SIPA G\u00e4rten GmbH Ihr kompetenter Partner im Bereich Gartenbau und -unterhalt. Das junge Unternehmen h\u00e4lt ein breites Leistungsangebot f\u00fcr<br \/>\nSie bereit<\/p>\n<h1>Ihre SIPA G\u00e4rten GmbH<\/h1>\n","protected":false},"excerpt":{"rendered":"<p>English Von der Beratung \u00fcber die Planung bis hin zur Ausf\u00fchrung und Pflege ist die SIPA G\u00e4rten GmbH Ihr kompetenter Partner im Bereich Gartenbau und -unterhalt. Das junge Unternehmen h\u00e4lt ein breites Leistungsangebot f\u00fcr Sie bereit Von der Beratung \u00fcber die Planung bis hin zur Ausf\u00fchrung und Pflege ist die SIPA G\u00e4rten GmbH Ihr kompetenter [&hellip;]<\/p>\n","protected":false},"author":1,"featured_media":0,"parent":0,"menu_order":0,"comment_status":"open","ping_status":"open","template":"","meta":{"footnotes":""},"class_list":["post-58","page","type-page","status-publish","hentry"],"_links":{"self":[{"href":"http:\/\/sipagaerten.ch\/en\/wp-json\/wp\/v2\/pages\/58","targetHints":{"allow":["GET"]}}],"collection":[{"href":"http:\/\/sipagaerten.ch\/en\/wp-json\/wp\/v2\/pages"}],"about":[{"href":"http:\/\/sipagaerten.ch\/en\/wp-json\/wp\/v2\/types\/page"}],"author":[{"embeddable":true,"href":"http:\/\/sipagaerten.ch\/en\/wp-json\/wp\/v2\/users\/1"}],"replies":[{"embeddable":true,"href":"http:\/\/sipagaerten.ch\/en\/wp-json\/wp\/v2\/comments?post=58"}],"version-history":[{"count":20,"href":"http:\/\/sipagaerten.ch\/en\/wp-json\/wp\/v2\/pages\/58\/revisions"}],"predecessor-version":[{"id":409,"href":"http:\/\/sipagaerten.ch\/en\/wp-json\/wp\/v2\/pages\/58\/revisions\/409"}],"wp:attachment":[{"href":"http:\/\/sipagaerten.ch\/en\/wp-json\/wp\/v2\/media?parent=58"}],"curies":[{"name":"wp","href":"https:\/\/api.w.org\/{rel}","templated":true}]}}